{"id":2007,"date":"2019-09-18T15:08:37","date_gmt":"2019-09-18T15:08:37","guid":{"rendered":"https:\/\/ninetheme.com\/themes\/elementor\/forester\/?page_id=2007"},"modified":"2023-06-07T13:13:10","modified_gmt":"2023-06-07T13:13:10","slug":"nosotros","status":"publish","type":"page","link":"https:\/\/itaro.com.co\/index.php\/nosotros\/","title":{"rendered":"Nosotros"},"content":{"rendered":"\t\t<div data-elementor-type=\"wp-page\" data-elementor-id=\"2007\" class=\"elementor elementor-2007\">\n\t\t\t\t\t\t\t\t\t<section class=\"elementor-section elementor-top-section elementor-element elementor-element-318f1983 elementor-section-stretched elementor-section-full_width elementor-section-height-default elementor-section-height-default\" data-id=\"318f1983\" data-element_type=\"section\" data-settings=\"{&quot;stretch_section&quot;:&quot;section-stretched&quot;}\">\n\t\t\t\t\t\t<div class=\"elementor-container elementor-column-gap-no\">\n\t\t\t\t\t<div class=\"elementor-column elementor-col-100 elementor-top-column elementor-element elementor-element-22238c22\" data-id=\"22238c22\" data-element_type=\"column\">\n\t\t\t<div class=\"elementor-widget-wrap elementor-element-populated\">\n\t\t\t\t\t\t\t\t<div class=\"elementor-element elementor-element-406b1e5a elementor-widget elementor-widget-forester-page-hero\" data-id=\"406b1e5a\" data-element_type=\"widget\" data-widget_type=\"forester-page-hero.default\">\n\t\t\t\t<div class=\"elementor-widget-container\">\n\t\t\t<div id=\"hero\" class=\"hero page-hero hero-fullwidth hero_406b1e5a jarallax\" data-jarallax=\"\" data-type=\"scroll\" data-speed=\"0.2\" data-android=\"0\" data-ios=\"0\" style=\"background-image:url(https:\/\/itaro.com.co\/wp-content\/uploads\/2023\/04\/Fondo-nosotros-itaro.jpg)\" data-img-src=\"https:\/\/itaro.com.co\/wp-content\/uploads\/2023\/04\/Fondo-nosotros-itaro.jpg\" data-img-size=\"cover\" data-img-position=\"center center\" data-img-repeat=\"no-repeat\"><div class=\"hero-content no\"><div class=\"container white\"><div class=\"m-auto\"><div class=\"title-service mb15\"><h2 class=\"page-heading\">Nosotros<\/h2><p class=\"breadcrubms headline-text\"><!-- Breadcrumb NavXT 7.2.0 -->\n<span property=\"itemListElement\" typeof=\"ListItem\"><a property=\"item\" typeof=\"WebPage\" title=\"Go to Itaro Arquitectura.\" href=\"https:\/\/itaro.com.co\" class=\"home\" ><span property=\"name\">Itaro Arquitectura<\/span><\/a><meta property=\"position\" content=\"1\"><\/span> &gt; <span property=\"itemListElement\" typeof=\"ListItem\"><a property=\"item\" typeof=\"WebPage\" title=\"Go to Blog-22.\" href=\"https:\/\/itaro.com.co\/index.php\/blog-22\/\" class=\"post-root post post-post\" aria-current=\"page\"><span property=\"name\">Blog-22<\/span><\/a><meta property=\"position\" content=\"2\"><\/span><\/p><\/div><\/div><\/div><\/div><\/div>\t\t<\/div>\n\t\t\t\t<\/div>\n\t\t\t\t\t<\/div>\n\t\t<\/div>\n\t\t\t\t\t\t\t<\/div>\n\t\t<\/section>\n\t\t\t\t<section class=\"elementor-section elementor-top-section elementor-element elementor-element-448b3c4 elementor-section-boxed elementor-section-height-default elementor-section-height-default\" data-id=\"448b3c4\" data-element_type=\"section\">\n\t\t\t\t\t\t<div class=\"elementor-container elementor-column-gap-default\">\n\t\t\t\t\t<div class=\"elementor-column elementor-col-16 elementor-top-column elementor-element elementor-element-e11a34d\" data-id=\"e11a34d\" data-element_type=\"column\">\n\t\t\t<div class=\"elementor-widget-wrap\">\n\t\t\t\t\t\t\t\t\t<\/div>\n\t\t<\/div>\n\t\t\t\t<div class=\"elementor-column elementor-col-66 elementor-top-column elementor-element elementor-element-d1c9f2e\" data-id=\"d1c9f2e\" data-element_type=\"column\">\n\t\t\t<div class=\"elementor-widget-wrap elementor-element-populated\">\n\t\t\t\t\t\t\t\t<div class=\"elementor-element elementor-element-49537cf elementor-widget elementor-widget-image\" data-id=\"49537cf\" data-element_type=\"widget\" data-widget_type=\"image.default\">\n\t\t\t\t<div class=\"elementor-widget-container\">\n\t\t\t<style>\/*! elementor - v3.14.0 - 26-06-2023 *\/\n.elementor-widget-image{text-align:center}.elementor-widget-image a{display:inline-block}.elementor-widget-image a img[src$=\".svg\"]{width:48px}.elementor-widget-image img{vertical-align:middle;display:inline-block}<\/style>\t\t\t\t\t\t\t\t\t\t\t\t<img decoding=\"async\" width=\"150\" height=\"150\" src=\"https:\/\/itaro.com.co\/wp-content\/uploads\/2023\/04\/LOGO-itaro-home-150x150.png\" class=\"attachment-thumbnail size-thumbnail wp-image-2310\" alt=\"\" loading=\"lazy\" srcset=\"https:\/\/itaro.com.co\/wp-content\/uploads\/2023\/04\/LOGO-itaro-home-150x150.png 150w, https:\/\/itaro.com.co\/wp-content\/uploads\/2023\/04\/LOGO-itaro-home-300x300.png 300w, https:\/\/itaro.com.co\/wp-content\/uploads\/2023\/04\/LOGO-itaro-home-100x100.png 100w\" sizes=\"(max-width: 150px) 100vw, 150px\" \/>\t\t\t\t\t\t\t\t\t\t\t\t\t\t\t<\/div>\n\t\t\t\t<\/div>\n\t\t\t\t<div class=\"elementor-element elementor-element-ea6936e elementor-widget elementor-widget-heading\" data-id=\"ea6936e\" data-element_type=\"widget\" data-widget_type=\"heading.default\">\n\t\t\t\t<div class=\"elementor-widget-container\">\n\t\t\t<style>\/*! elementor - v3.14.0 - 26-06-2023 *\/\n.elementor-heading-title{padding:0;margin:0;line-height:1}.elementor-widget-heading .elementor-heading-title[class*=elementor-size-]>a{color:inherit;font-size:inherit;line-height:inherit}.elementor-widget-heading .elementor-heading-title.elementor-size-small{font-size:15px}.elementor-widget-heading .elementor-heading-title.elementor-size-medium{font-size:19px}.elementor-widget-heading .elementor-heading-title.elementor-size-large{font-size:29px}.elementor-widget-heading .elementor-heading-title.elementor-size-xl{font-size:39px}.elementor-widget-heading .elementor-heading-title.elementor-size-xxl{font-size:59px}<\/style><h5 class=\"elementor-heading-title elementor-size-default\">Somos una constructora que se encuentra en el Eje Cafetero y su representante es el ingeniero constructor Juan Pablo Carmona Carvajal. La empresa se especializa en la construcci\u00f3n de edificios y casas campestres de alta calidad y dise\u00f1o moderno, y se enfoca en brindar soluciones innovadoras y personalizadas a sus clientes.\n<br><br>\nNos destacamos por ofrecer servicios de calidad, innovaci\u00f3n, sostenibilidad y personalizaci\u00f3n en el sector de la construcci\u00f3n. \n<br><br>\nNuestras obras se caracterizan por la calidad de los materiales y los acabados, que garantizan la durabilidad, la seguridad y el confort de los espacios construidos. \n<br><br>\nITARO cuenta con un equipo humano experimentado y profesional, que tiene una amplia trayectoria en el sector, una formaci\u00f3n continua y un compromiso con la excelencia y la satisfacci\u00f3n del cliente. \n\n<\/h5>\t\t<\/div>\n\t\t\t\t<\/div>\n\t\t\t\t\t<\/div>\n\t\t<\/div>\n\t\t\t\t<div class=\"elementor-column elementor-col-16 elementor-top-column elementor-element elementor-element-ba6b90e\" data-id=\"ba6b90e\" data-element_type=\"column\">\n\t\t\t<div class=\"elementor-widget-wrap\">\n\t\t\t\t\t\t\t\t\t<\/div>\n\t\t<\/div>\n\t\t\t\t\t\t\t<\/div>\n\t\t<\/section>\n\t\t\t\t<section class=\"elementor-section elementor-top-section elementor-element elementor-element-5425ad55 elementor-section-boxed elementor-section-height-default elementor-section-height-default\" data-id=\"5425ad55\" data-element_type=\"section\" id=\"team\">\n\t\t\t\t\t\t<div class=\"elementor-container elementor-column-gap-default\">\n\t\t\t\t\t<div class=\"elementor-column elementor-col-50 elementor-top-column elementor-element elementor-element-5e6877ff\" data-id=\"5e6877ff\" data-element_type=\"column\">\n\t\t\t<div class=\"elementor-widget-wrap elementor-element-populated\">\n\t\t\t\t\t\t\t\t<div class=\"elementor-element elementor-element-8b42195 elementor-widget elementor-widget-image\" data-id=\"8b42195\" data-element_type=\"widget\" data-widget_type=\"image.default\">\n\t\t\t\t<div class=\"elementor-widget-container\">\n\t\t\t\t\t\t\t\t\t\t\t\t\t\t\t<img decoding=\"async\" width=\"576\" height=\"1024\" src=\"https:\/\/itaro.com.co\/wp-content\/uploads\/2023\/04\/nosotors-ITARO-02.jpg\" class=\"attachment-large size-large wp-image-2494\" alt=\"\" loading=\"lazy\" srcset=\"https:\/\/itaro.com.co\/wp-content\/uploads\/2023\/04\/nosotors-ITARO-02.jpg 576w, https:\/\/itaro.com.co\/wp-content\/uploads\/2023\/04\/nosotors-ITARO-02-169x300.jpg 169w\" sizes=\"(max-width: 576px) 100vw, 576px\" \/>\t\t\t\t\t\t\t\t\t\t\t\t\t\t\t<\/div>\n\t\t\t\t<\/div>\n\t\t\t\t\t<\/div>\n\t\t<\/div>\n\t\t\t\t<div class=\"elementor-column elementor-col-50 elementor-top-column elementor-element elementor-element-851c2a3\" data-id=\"851c2a3\" data-element_type=\"column\">\n\t\t\t<div class=\"elementor-widget-wrap elementor-element-populated\">\n\t\t\t\t\t\t\t\t<div class=\"elementor-element elementor-element-c371d4e elementor-widget elementor-widget-heading\" data-id=\"c371d4e\" data-element_type=\"widget\" data-widget_type=\"heading.default\">\n\t\t\t\t<div class=\"elementor-widget-container\">\n\t\t\t<h2 class=\"elementor-heading-title elementor-size-default\">ITARO<\/h2>\t\t<\/div>\n\t\t\t\t<\/div>\n\t\t\t\t<div class=\"elementor-element elementor-element-29dd9e0 elementor-widget elementor-widget-heading\" data-id=\"29dd9e0\" data-element_type=\"widget\" data-widget_type=\"heading.default\">\n\t\t\t\t<div class=\"elementor-widget-container\">\n\t\t\t<h2 class=\"elementor-heading-title elementor-size-default\">Ofrece flexibilidad y personalizaci\u00f3n en sus servicios, ofreciendo soluciones a medida para cada tipo de cliente, desde el dise\u00f1o hasta la ejecuci\u00f3n de las obras, ajust\u00e1ndose a los plazos, los presupuestos y las expectativas de cada caso. ITARO es una constructora que ofrece calidad, innovaci\u00f3n, sostenibilidad y personalizaci\u00f3n en el sector de la construcci\u00f3n.<\/h2>\t\t<\/div>\n\t\t\t\t<\/div>\n\t\t\t\t\t<\/div>\n\t\t<\/div>\n\t\t\t\t\t\t\t<\/div>\n\t\t<\/section>\n\t\t\t\t<section class=\"elementor-section elementor-top-section elementor-element elementor-element-eea4ad0 elementor-section-boxed elementor-section-height-default elementor-section-height-default\" data-id=\"eea4ad0\" data-element_type=\"section\" data-settings=\"{&quot;background_background&quot;:&quot;classic&quot;}\">\n\t\t\t\t\t\t<div class=\"elementor-container elementor-column-gap-default\">\n\t\t\t\t\t<div class=\"elementor-column elementor-col-25 elementor-top-column elementor-element elementor-element-9d22344\" data-id=\"9d22344\" data-element_type=\"column\">\n\t\t\t<div class=\"elementor-widget-wrap\">\n\t\t\t\t\t\t\t\t\t<\/div>\n\t\t<\/div>\n\t\t\t\t<div class=\"elementor-column elementor-col-50 elementor-top-column elementor-element elementor-element-294efa3\" data-id=\"294efa3\" data-element_type=\"column\">\n\t\t\t<div class=\"elementor-widget-wrap elementor-element-populated\">\n\t\t\t\t\t\t\t\t<div class=\"elementor-element elementor-element-5702062a elementor-widget__width-inherit elementor-widget elementor-widget-forester-quote-carousel\" data-id=\"5702062a\" data-element_type=\"widget\" data-widget_type=\"forester-quote-carousel.default\">\n\t\t\t\t<div class=\"elementor-widget-container\">\n\t\t\t<div class=\"quotes-wrapper\"><div class=\"owl-carousel owl-theme owl-carousel-quote-elementor -js-carousel quotes_5702062a\" data-owl-items=\"1\" data-owl-loop=\"true\" data-owl-autoplay=\"true\" data-owl-autoplayhoverpause=\"true\" data-owl-dots=\"true\" data-owl-nav=\"true\" data-owl-autoplaytimeout=\"4000\" data-owl-speed=\"500\" data-owl-autoplayspeed=\"500\" data-owl-navtext=\"[&quot;&lt;i class=&#039;fa fa-angle-left&#039;&gt;&lt;\/i&gt;&quot;,&quot;&lt;i class=&#039;fa fa-angle-right&#039;&gt;&lt;\/i&gt;&quot;]\" data-owl-navcontainer=\".nav_5702062a .custom-nav\"><div class=\"quote-wrap text-center m-auto white\"><div class=\"quote-body\"><h2 class=\"quote pb30\"><em>\u201c<\/em> Me encanta la calidad y la seriedad al momento de trabajar con Itaro<em>\u201d<\/em><\/h2><div class=\"name\">- Daniel Mar\u00edn -<\/div><\/div><\/div><div class=\"quote-wrap text-center m-auto white\"><div class=\"quote-body\"><h2 class=\"quote pb30\"><em>\u201c<\/em> Lo que m\u00e1s me gust\u00f3 de Itaro, fueron los dise\u00f1os de las casas son elegantes y sobrios<em>\u201d<\/em><\/h2><div class=\"name\">- Adriana Vega -<\/div><\/div><\/div><div class=\"quote-wrap text-center m-auto white\"><div class=\"quote-body\"><h2 class=\"quote pb30\"><em>\u201c<\/em> Itaro construy\u00f3 mi casa, lo mejor fue que qued\u00f3 igual al render, los s\u00faper recomiendo<em>\u201d<\/em><\/h2><div class=\"name\">- Ricardo Vergara -<\/div><\/div><\/div><\/div><div class=\"owl-theme nav_5702062a\">\n                   <div class=\"owl-controls\">\n                       <div class=\"custom-nav owl-nav\"><\/div>\n                   <\/div>\n               <\/div><\/div>\t\t<\/div>\n\t\t\t\t<\/div>\n\t\t\t\t\t<\/div>\n\t\t<\/div>\n\t\t\t\t<div class=\"elementor-column elementor-col-25 elementor-top-column elementor-element elementor-element-bb8bcc6\" data-id=\"bb8bcc6\" data-element_type=\"column\">\n\t\t\t<div class=\"elementor-widget-wrap\">\n\t\t\t\t\t\t\t\t\t<\/div>\n\t\t<\/div>\n\t\t\t\t\t\t\t<\/div>\n\t\t<\/section>\n\t\t\t\t<section class=\"elementor-section elementor-top-section elementor-element elementor-element-f6b4b1e elementor-section-content-middle elementor-section-boxed elementor-section-height-default elementor-section-height-default\" data-id=\"f6b4b1e\" data-element_type=\"section\" data-settings=\"{&quot;background_background&quot;:&quot;classic&quot;}\">\n\t\t\t\t\t\t<div class=\"elementor-container elementor-column-gap-default\">\n\t\t\t\t\t<div class=\"elementor-column elementor-col-66 elementor-top-column elementor-element elementor-element-06bb5cf\" data-id=\"06bb5cf\" data-element_type=\"column\">\n\t\t\t<div class=\"elementor-widget-wrap elementor-element-populated\">\n\t\t\t\t\t\t\t\t<div class=\"elementor-element elementor-element-4334d76 elementor-nav-menu--dropdown-tablet elementor-nav-menu__text-align-aside elementor-nav-menu--toggle elementor-nav-menu--burger elementor-widget elementor-widget-nav-menu\" data-id=\"4334d76\" data-element_type=\"widget\" data-settings=\"{&quot;layout&quot;:&quot;horizontal&quot;,&quot;submenu_icon&quot;:{&quot;value&quot;:&quot;&lt;i class=\\&quot;fas fa-caret-down\\&quot;&gt;&lt;\\\/i&gt;&quot;,&quot;library&quot;:&quot;fa-solid&quot;},&quot;toggle&quot;:&quot;burger&quot;}\" data-widget_type=\"nav-menu.default\">\n\t\t\t\t<div class=\"elementor-widget-container\">\n\t\t\t<link rel=\"stylesheet\" href=\"https:\/\/itaro.com.co\/wp-content\/plugins\/elementor-pro\/assets\/css\/widget-nav-menu.min.css\">\t\t\t<nav migration_allowed=\"1\" migrated=\"0\" role=\"navigation\" class=\"elementor-nav-menu--main elementor-nav-menu__container elementor-nav-menu--layout-horizontal e--pointer-underline e--animation-fade\">\n\t\t\t\t<ul id=\"menu-1-4334d76\" class=\"elementor-nav-menu\"><li class=\"menu-item menu-item-type-post_type menu-item-object-page menu-item-home menu-item-2438\"><a href=\"https:\/\/itaro.com.co\/\" class=\"elementor-item\">Inicio<\/a><\/li>\n<li class=\"menu-item menu-item-type-custom menu-item-object-custom menu-item-has-children menu-item-2439\"><a href=\"#\" class=\"elementor-item elementor-item-anchor\">Proyectos<\/a>\n<ul class=\"sub-menu elementor-nav-menu--dropdown\">\n\t<li class=\"menu-item menu-item-type-custom menu-item-object-custom menu-item-has-children menu-item-2747\"><a href=\"#\" class=\"elementor-sub-item elementor-item-anchor\">Proyectos Terminados<\/a>\n\t<ul class=\"sub-menu elementor-nav-menu--dropdown\">\n\t\t<li class=\"menu-item menu-item-type-post_type menu-item-object-page menu-item-2689\"><a href=\"https:\/\/itaro.com.co\/index.php\/casa-reserva\/\" class=\"elementor-sub-item\">Casa Reserva<\/a><\/li>\n\t<\/ul>\n<\/li>\n\t<li class=\"menu-item menu-item-type-custom menu-item-object-custom menu-item-has-children menu-item-2748\"><a href=\"#\" class=\"elementor-sub-item elementor-item-anchor\">Proyectos en Venta<\/a>\n\t<ul class=\"sub-menu elementor-nav-menu--dropdown\">\n\t\t<li class=\"menu-item menu-item-type-post_type menu-item-object-page menu-item-2613\"><a href=\"https:\/\/itaro.com.co\/index.php\/apartamentos-tokio\/\" class=\"elementor-sub-item\">Apartamentos Tokio<\/a><\/li>\n\t\t<li class=\"menu-item menu-item-type-post_type menu-item-object-page menu-item-2656\"><a href=\"https:\/\/itaro.com.co\/index.php\/casa-jamaica\/\" class=\"elementor-sub-item\">Casa Jamaica<\/a><\/li>\n\t\t<li class=\"menu-item menu-item-type-post_type menu-item-object-page menu-item-2730\"><a href=\"https:\/\/itaro.com.co\/index.php\/casa-tesoro\/\" class=\"elementor-sub-item\">Casa Tesoro<\/a><\/li>\n\t<\/ul>\n<\/li>\n<\/ul>\n<\/li>\n<li class=\"menu-item menu-item-type-post_type menu-item-object-page menu-item-2493\"><a href=\"https:\/\/itaro.com.co\/index.php\/nosotros\/\" class=\"elementor-item\">Nosotros<\/a><\/li>\n<li class=\"menu-item menu-item-type-post_type menu-item-object-page menu-item-2936\"><a href=\"https:\/\/itaro.com.co\/index.php\/blog\/\" class=\"elementor-item\">Blog<\/a><\/li>\n<li class=\"menu-item menu-item-type-post_type menu-item-object-page menu-item-2437\"><a href=\"https:\/\/itaro.com.co\/index.php\/contactacto\/\" class=\"elementor-item\">Cont\u00e1ctanos<\/a><\/li>\n<\/ul>\t\t\t<\/nav>\n\t\t\t\t\t<div class=\"elementor-menu-toggle\" role=\"button\" tabindex=\"0\" aria-label=\"Menu Toggle\" aria-expanded=\"false\">\n\t\t\t<i aria-hidden=\"true\" role=\"presentation\" class=\"elementor-menu-toggle__icon--open eicon-menu-bar\"><\/i><i aria-hidden=\"true\" role=\"presentation\" class=\"elementor-menu-toggle__icon--close eicon-close\"><\/i>\t\t\t<span class=\"elementor-screen-only\">Menu<\/span>\n\t\t<\/div>\n\t\t\t<nav class=\"elementor-nav-menu--dropdown elementor-nav-menu__container\" role=\"navigation\" aria-hidden=\"true\">\n\t\t\t\t<ul id=\"menu-2-4334d76\" class=\"elementor-nav-menu\"><li class=\"menu-item menu-item-type-post_type menu-item-object-page menu-item-home menu-item-2438\"><a href=\"https:\/\/itaro.com.co\/\" class=\"elementor-item\" tabindex=\"-1\">Inicio<\/a><\/li>\n<li class=\"menu-item menu-item-type-custom menu-item-object-custom menu-item-has-children menu-item-2439\"><a href=\"#\" class=\"elementor-item elementor-item-anchor\" tabindex=\"-1\">Proyectos<\/a>\n<ul class=\"sub-menu elementor-nav-menu--dropdown\">\n\t<li class=\"menu-item menu-item-type-custom menu-item-object-custom menu-item-has-children menu-item-2747\"><a href=\"#\" class=\"elementor-sub-item elementor-item-anchor\" tabindex=\"-1\">Proyectos Terminados<\/a>\n\t<ul class=\"sub-menu elementor-nav-menu--dropdown\">\n\t\t<li class=\"menu-item menu-item-type-post_type menu-item-object-page menu-item-2689\"><a href=\"https:\/\/itaro.com.co\/index.php\/casa-reserva\/\" class=\"elementor-sub-item\" tabindex=\"-1\">Casa Reserva<\/a><\/li>\n\t<\/ul>\n<\/li>\n\t<li class=\"menu-item menu-item-type-custom menu-item-object-custom menu-item-has-children menu-item-2748\"><a href=\"#\" class=\"elementor-sub-item elementor-item-anchor\" tabindex=\"-1\">Proyectos en Venta<\/a>\n\t<ul class=\"sub-menu elementor-nav-menu--dropdown\">\n\t\t<li class=\"menu-item menu-item-type-post_type menu-item-object-page menu-item-2613\"><a href=\"https:\/\/itaro.com.co\/index.php\/apartamentos-tokio\/\" class=\"elementor-sub-item\" tabindex=\"-1\">Apartamentos Tokio<\/a><\/li>\n\t\t<li class=\"menu-item menu-item-type-post_type menu-item-object-page menu-item-2656\"><a href=\"https:\/\/itaro.com.co\/index.php\/casa-jamaica\/\" class=\"elementor-sub-item\" tabindex=\"-1\">Casa Jamaica<\/a><\/li>\n\t\t<li class=\"menu-item menu-item-type-post_type menu-item-object-page menu-item-2730\"><a href=\"https:\/\/itaro.com.co\/index.php\/casa-tesoro\/\" class=\"elementor-sub-item\" tabindex=\"-1\">Casa Tesoro<\/a><\/li>\n\t<\/ul>\n<\/li>\n<\/ul>\n<\/li>\n<li class=\"menu-item menu-item-type-post_type menu-item-object-page menu-item-2493\"><a href=\"https:\/\/itaro.com.co\/index.php\/nosotros\/\" class=\"elementor-item\" tabindex=\"-1\">Nosotros<\/a><\/li>\n<li class=\"menu-item menu-item-type-post_type menu-item-object-page menu-item-2936\"><a href=\"https:\/\/itaro.com.co\/index.php\/blog\/\" class=\"elementor-item\" tabindex=\"-1\">Blog<\/a><\/li>\n<li class=\"menu-item menu-item-type-post_type menu-item-object-page menu-item-2437\"><a href=\"https:\/\/itaro.com.co\/index.php\/contactacto\/\" class=\"elementor-item\" tabindex=\"-1\">Cont\u00e1ctanos<\/a><\/li>\n<\/ul>\t\t\t<\/nav>\n\t\t\t\t<\/div>\n\t\t\t\t<\/div>\n\t\t\t\t<section class=\"elementor-section elementor-inner-section elementor-element elementor-element-d87ad93 elementor-section-content-middle elementor-section-boxed elementor-section-height-default elementor-section-height-default\" data-id=\"d87ad93\" data-element_type=\"section\">\n\t\t\t\t\t\t<div class=\"elementor-container elementor-column-gap-default\">\n\t\t\t\t\t<div class=\"elementor-column elementor-col-33 elementor-inner-column elementor-element elementor-element-7f0319c\" data-id=\"7f0319c\" data-element_type=\"column\">\n\t\t\t<div class=\"elementor-widget-wrap elementor-element-populated\">\n\t\t\t\t\t\t\t\t<div class=\"elementor-element elementor-element-a340ce0 elementor-widget elementor-widget-heading\" data-id=\"a340ce0\" data-element_type=\"widget\" data-widget_type=\"heading.default\">\n\t\t\t\t<div class=\"elementor-widget-container\">\n\t\t\t<div class=\"elementor-heading-title elementor-size-default\"><i class=\"fa fa-phone pr5\"><\/i> +57 314 2523132<\/div>\t\t<\/div>\n\t\t\t\t<\/div>\n\t\t\t\t\t<\/div>\n\t\t<\/div>\n\t\t\t\t<div class=\"elementor-column elementor-col-33 elementor-inner-column elementor-element elementor-element-4ab4d52\" data-id=\"4ab4d52\" data-element_type=\"column\">\n\t\t\t<div class=\"elementor-widget-wrap elementor-element-populated\">\n\t\t\t\t\t\t\t\t<div class=\"elementor-element elementor-element-237f379 elementor-widget elementor-widget-heading\" data-id=\"237f379\" data-element_type=\"widget\" data-widget_type=\"heading.default\">\n\t\t\t\t<div class=\"elementor-widget-container\">\n\t\t\t<div class=\"elementor-heading-title elementor-size-default\"><i class=\"fa fa-envelope-o pr5\"><\/i> info@itaro.com.co<\/div>\t\t<\/div>\n\t\t\t\t<\/div>\n\t\t\t\t\t<\/div>\n\t\t<\/div>\n\t\t\t\t<div class=\"elementor-column elementor-col-33 elementor-inner-column elementor-element elementor-element-dde0116\" data-id=\"dde0116\" data-element_type=\"column\">\n\t\t\t<div class=\"elementor-widget-wrap elementor-element-populated\">\n\t\t\t\t\t\t\t\t<div class=\"elementor-element elementor-element-2aaa65a elementor-widget elementor-widget-heading\" data-id=\"2aaa65a\" data-element_type=\"widget\" data-widget_type=\"heading.default\">\n\t\t\t\t<div class=\"elementor-widget-container\">\n\t\t\t<div class=\"elementor-heading-title elementor-size-default\"><i class=\"fa fa-home pr5\"><\/i> Carrera 14 No. 23-15 Of. 1002  Armenia - Quind\u00edo - Colombia<\/div>\t\t<\/div>\n\t\t\t\t<\/div>\n\t\t\t\t\t<\/div>\n\t\t<\/div>\n\t\t\t\t\t\t\t<\/div>\n\t\t<\/section>\n\t\t\t\t\t<\/div>\n\t\t<\/div>\n\t\t\t\t<div class=\"elementor-column elementor-col-33 elementor-top-column elementor-element elementor-element-602da32\" data-id=\"602da32\" data-element_type=\"column\">\n\t\t\t<div class=\"elementor-widget-wrap elementor-element-populated\">\n\t\t\t\t\t\t\t\t<div class=\"elementor-element elementor-element-0b60308 elementor-widget elementor-widget-image\" data-id=\"0b60308\" data-element_type=\"widget\" data-widget_type=\"image.default\">\n\t\t\t\t<div class=\"elementor-widget-container\">\n\t\t\t\t\t\t\t\t\t\t\t\t\t\t\t\t<a href=\"https:\/\/ninetheme.com\/themes\/elementor\/forester\/\">\n\t\t\t\t\t\t\t<img decoding=\"async\" width=\"105\" height=\"138\" src=\"https:\/\/itaro.com.co\/wp-content\/uploads\/2023\/04\/LOGO-itaro-home-footer.png\" class=\"attachment-thumbnail size-thumbnail wp-image-2540\" alt=\"\" loading=\"lazy\" \/>\t\t\t\t\t\t\t\t<\/a>\n\t\t\t\t\t\t\t\t\t\t\t\t\t\t\t<\/div>\n\t\t\t\t<\/div>\n\t\t\t\t<div class=\"elementor-element elementor-element-c96d9d4 elementor-widget elementor-widget-heading\" data-id=\"c96d9d4\" data-element_type=\"widget\" data-widget_type=\"heading.default\">\n\t\t\t\t<div class=\"elementor-widget-container\">\n\t\t\t<p class=\"elementor-heading-title elementor-size-default\">Todos los derechos reservados<br>2023<\/p>\t\t<\/div>\n\t\t\t\t<\/div>\n\t\t\t\t\t<\/div>\n\t\t<\/div>\n\t\t\t\t\t\t\t<\/div>\n\t\t<\/section>\n\t\t\t\t\t\t\t<\/div>\n\t\t","protected":false},"excerpt":{"rendered":"<p>Nosotros Itaro Arquitectura &gt; Blog Somos una constructora que se encuentra en el Eje Cafetero y su representante es el ingeniero constructor Juan Pablo Carmona Carvajal. La empresa se especializa en la construcci\u00f3n de edificios y casas campestres de alta calidad y dise\u00f1o moderno, y se enfoca en brindar soluciones innovadoras y personalizadas a sus [&hellip;]<\/p>\n","protected":false},"author":1,"featured_media":0,"parent":0,"menu_order":0,"comment_status":"closed","ping_status":"closed","template":"forester-elementor-page.php","meta":{"_joinchat":[]},"_links":{"self":[{"href":"https:\/\/itaro.com.co\/index.php\/wp-json\/wp\/v2\/pages\/2007"}],"collection":[{"href":"https:\/\/itaro.com.co\/index.php\/wp-json\/wp\/v2\/pages"}],"about":[{"href":"https:\/\/itaro.com.co\/index.php\/wp-json\/wp\/v2\/types\/page"}],"author":[{"embeddable":true,"href":"https:\/\/itaro.com.co\/index.php\/wp-json\/wp\/v2\/users\/1"}],"replies":[{"embeddable":true,"href":"https:\/\/itaro.com.co\/index.php\/wp-json\/wp\/v2\/comments?post=2007"}],"version-history":[{"count":78,"href":"https:\/\/itaro.com.co\/index.php\/wp-json\/wp\/v2\/pages\/2007\/revisions"}],"predecessor-version":[{"id":2818,"href":"https:\/\/itaro.com.co\/index.php\/wp-json\/wp\/v2\/pages\/2007\/revisions\/2818"}],"wp:attachment":[{"href":"https:\/\/itaro.com.co\/index.php\/wp-json\/wp\/v2\/media?parent=2007"}],"curies":[{"name":"wp","href":"https:\/\/api.w.org\/{rel}","templated":true}]}}