{"id":2927,"date":"2023-06-07T23:36:45","date_gmt":"2023-06-07T23:36:45","guid":{"rendered":"https:\/\/itaro.com.co\/?page_id=2927"},"modified":"2023-07-10T10:46:56","modified_gmt":"2023-07-10T10:46:56","slug":"blog","status":"publish","type":"page","link":"https:\/\/itaro.com.co\/index.php\/blog\/","title":{"rendered":"Blog"},"content":{"rendered":"\t\t<div data-elementor-type=\"wp-page\" data-elementor-id=\"2927\" class=\"elementor elementor-2927\">\n\t\t\t\t\t\t\t\t\t<section class=\"elementor-section elementor-top-section elementor-element elementor-element-7f124388 elementor-section-stretched elementor-section-full_width elementor-section-height-default elementor-section-height-default\" data-id=\"7f124388\" data-element_type=\"section\" data-settings=\"{&quot;stretch_section&quot;:&quot;section-stretched&quot;}\">\n\t\t\t\t\t\t<div class=\"elementor-container elementor-column-gap-no\">\n\t\t\t\t\t<div class=\"elementor-column elementor-col-100 elementor-top-column elementor-element elementor-element-767acffe\" data-id=\"767acffe\" data-element_type=\"column\">\n\t\t\t<div class=\"elementor-widget-wrap elementor-element-populated\">\n\t\t\t\t\t\t\t\t<div class=\"elementor-element elementor-element-8712bbc elementor-widget elementor-widget-forester-page-hero\" data-id=\"8712bbc\" data-element_type=\"widget\" data-widget_type=\"forester-page-hero.default\">\n\t\t\t\t<div class=\"elementor-widget-container\">\n\t\t\t<div id=\"hero\" class=\"hero page-hero hero-fullwidth hero_8712bbc jarallax\" data-jarallax=\"\" data-type=\"scroll\" data-speed=\"0.2\" data-android=\"0\" data-ios=\"0\" style=\"background-image:url(https:\/\/itaro.com.co\/wp-content\/uploads\/2023\/04\/Fondo-nosotros-itaro.jpg)\" data-img-src=\"https:\/\/itaro.com.co\/wp-content\/uploads\/2023\/04\/Fondo-nosotros-itaro.jpg\" data-img-size=\"cover\" data-img-position=\"initial\" data-img-repeat=\"no-repeat\"><div class=\"hero-content no\"><div class=\"container white\"><div class=\"m-auto\"><div class=\"title-service mb15\"><h2 class=\"page-heading\">Blog<\/h2><p class=\"breadcrubms headline-text\"><!-- Breadcrumb NavXT 7.2.0 -->\n<span property=\"itemListElement\" typeof=\"ListItem\"><a property=\"item\" typeof=\"WebPage\" title=\"Go to Itaro Arquitectura.\" href=\"https:\/\/itaro.com.co\" class=\"home\" ><span property=\"name\">Itaro Arquitectura<\/span><\/a><meta property=\"position\" content=\"1\"><\/span> &gt; <span property=\"itemListElement\" typeof=\"ListItem\"><a property=\"item\" typeof=\"WebPage\" title=\"Go to Blog-22.\" href=\"https:\/\/itaro.com.co\/index.php\/blog-22\/\" class=\"post-root post post-post\" aria-current=\"page\"><span property=\"name\">Blog-22<\/span><\/a><meta property=\"position\" content=\"2\"><\/span><\/p><\/div><\/div><\/div><\/div><\/div>\t\t<\/div>\n\t\t\t\t<\/div>\n\t\t\t\t\t<\/div>\n\t\t<\/div>\n\t\t\t\t\t\t\t<\/div>\n\t\t<\/section>\n\t\t\t\t<section class=\"elementor-section elementor-top-section elementor-element elementor-element-a72d598 elementor-section-boxed elementor-section-height-default elementor-section-height-default\" data-id=\"a72d598\" data-element_type=\"section\">\n\t\t\t\t\t\t<div class=\"elementor-container elementor-column-gap-default\">\n\t\t\t\t\t<div class=\"elementor-column elementor-col-50 elementor-top-column elementor-element elementor-element-bcb369b\" data-id=\"bcb369b\" data-element_type=\"column\">\n\t\t\t<div class=\"elementor-widget-wrap elementor-element-populated\">\n\t\t\t\t\t\t\t\t<div class=\"elementor-element elementor-element-6cbb2c9 elementor-widget elementor-widget-forester-post-grid\" data-id=\"6cbb2c9\" data-element_type=\"widget\" data-widget_type=\"forester-post-grid.default\">\n\t\t\t\t<div class=\"elementor-widget-container\">\n\t\t\t<div class=\"bg-white blog-wrapper\"><div class=\"fullwidth-style\"><h1 class=\"section-heading black text-left pb60\">01<\/h1><div id=\"blog-elementor\" class=\"blog-elementor cbp type-grid\" data-layoutmode=\"grid\" data-grid-adjustment=\"responsive\" data-animation-filter=\"sequentially\" data-horizontal-gap=\"30\" data-vertical-gap=\"30\" data-xlcount=\"2\" data-lgcount=\"2\" data-smcount=\"1\"><div class=\"cbp-item construccion\"> <div class=\"blog-article\"><div class=\"blog-article-head text-center\"><div class=\"blog-article-title black\"><h2  class=\"post-title\">5 Consejos para tener una chimenea en tu hogar.<\/h2><\/div><div class=\"blog-article-date\"><h6 class=\"post-date\">Posteado el 11 de April de 2023<\/h6><\/div><\/div><h6 class=\"excerpt\">La funci\u00f3n de una chimenea es evacuar los humos y gases sin peligro fuera de la casa y proporcionar tiro suficiente en el hogar para que el fuego se mantenga&hellip;<\/h6><div class=\"read-more\"><a class=\" \" href=\"https:\/\/itaro.com.co\/?post_type=post&p=1\"><h4>VER POST \u00bb<\/h4><\/a><\/div><\/div><\/div><div class=\"cbp-item construccion\"> <div class=\"blog-article\"><div class=\"blog-article-head text-center\"><div class=\"blog-article-title black\"><h2  class=\"post-title\">5 Consejos para tener una chimenea en tu hogar.<\/h2><\/div><div class=\"blog-article-date\"><h6 class=\"post-date\">Posteado el 18 de August de 2023<\/h6><\/div><\/div><h6 class=\"excerpt\">tweuygwduqwygdeuqwyegqwue La funci\u00f3n de una chimenea es evacuar los humos y gases sin peligro fuera de la casa y proporcionar tiro suficiente en el hogar para que el fuego se&hellip;<\/h6><div class=\"read-more\"><a class=\" \" href=\"https:\/\/itaro.com.co\/?post_type=post&p=3070\"><h4>VER POST \u00bb<\/h4><\/a><\/div><\/div><\/div><\/div><\/div><\/div>\t\t<\/div>\n\t\t\t\t<\/div>\n\t\t\t\t\t<\/div>\n\t\t<\/div>\n\t\t\t\t<div class=\"elementor-column elementor-col-50 elementor-top-column elementor-element elementor-element-0a6b9dc\" data-id=\"0a6b9dc\" data-element_type=\"column\">\n\t\t\t<div class=\"elementor-widget-wrap elementor-element-populated\">\n\t\t\t\t\t\t\t\t<div class=\"elementor-element elementor-element-9dd69b9 elementor-widget elementor-widget-forester-post-grid\" data-id=\"9dd69b9\" data-element_type=\"widget\" data-widget_type=\"forester-post-grid.default\">\n\t\t\t\t<div class=\"elementor-widget-container\">\n\t\t\t<div class=\"bg-white blog-wrapper\"><div class=\"fullwidth-style\"><h1 class=\"section-heading black text-left pb60\">02<\/h1><div id=\"blog-elementor\" class=\"blog-elementor cbp type-grid\" data-layoutmode=\"grid\" data-grid-adjustment=\"responsive\" data-animation-filter=\"sequentially\" data-horizontal-gap=\"30\" data-vertical-gap=\"30\" data-xlcount=\"2\" data-lgcount=\"2\" data-smcount=\"1\"><div class=\"cbp-item construccion\"> <div class=\"blog-article\"><div class=\"blog-article-head text-center\"><div class=\"blog-article-title black\"><h2  class=\"post-title\">5 Consejos para tener una chimenea en tu hogar.<\/h2><\/div><div class=\"blog-article-date\"><h6 class=\"post-date\">Posteado el 11 de April de 2023<\/h6><\/div><\/div><h6 class=\"excerpt\">La funci\u00f3n de una chimenea es evacuar los humos y gases sin peligro fuera de la casa y proporcionar tiro suficiente en el hogar para que el fuego se mantenga&hellip;<\/h6><div class=\"read-more\"><a class=\" \" href=\"https:\/\/itaro.com.co\/?post_type=post&p=1\"><h4>VER POST \u00bb<\/h4><\/a><\/div><\/div><\/div><div class=\"cbp-item construccion\"> <div class=\"blog-article\"><div class=\"blog-article-head text-center\"><div class=\"blog-article-title black\"><h2  class=\"post-title\">5 Consejos para tener una chimenea en tu hogar.<\/h2><\/div><div class=\"blog-article-date\"><h6 class=\"post-date\">Posteado el 18 de August de 2023<\/h6><\/div><\/div><h6 class=\"excerpt\">tweuygwduqwygdeuqwyegqwue La funci\u00f3n de una chimenea es evacuar los humos y gases sin peligro fuera de la casa y proporcionar tiro suficiente en el hogar para que el fuego se&hellip;<\/h6><div class=\"read-more\"><a class=\" \" href=\"https:\/\/itaro.com.co\/?post_type=post&p=3070\"><h4>VER POST \u00bb<\/h4><\/a><\/div><\/div><\/div><\/div><\/div><\/div>\t\t<\/div>\n\t\t\t\t<\/div>\n\t\t\t\t\t<\/div>\n\t\t<\/div>\n\t\t\t\t\t\t\t<\/div>\n\t\t<\/section>\n\t\t\t\t<section class=\"elementor-section elementor-top-section elementor-element elementor-element-c253da5 elementor-section-boxed elementor-section-height-default elementor-section-height-default\" data-id=\"c253da5\" data-element_type=\"section\">\n\t\t\t\t\t\t<div class=\"elementor-container elementor-column-gap-default\">\n\t\t\t\t\t<div class=\"elementor-column elementor-col-50 elementor-top-column elementor-element elementor-element-8df7849\" data-id=\"8df7849\" data-element_type=\"column\">\n\t\t\t<div class=\"elementor-widget-wrap elementor-element-populated\">\n\t\t\t\t\t\t\t\t<div class=\"elementor-element elementor-element-f047944 elementor-widget elementor-widget-text-editor\" data-id=\"f047944\" data-element_type=\"widget\" data-widget_type=\"text-editor.default\">\n\t\t\t\t<div class=\"elementor-widget-container\">\n\t\t\t<style>\/*! elementor - v3.14.0 - 26-06-2023 *\/\n.elementor-widget-text-editor.elementor-drop-cap-view-stacked .elementor-drop-cap{background-color:#69727d;color:#fff}.elementor-widget-text-editor.elementor-drop-cap-view-framed .elementor-drop-cap{color:#69727d;border:3px solid;background-color:transparent}.elementor-widget-text-editor:not(.elementor-drop-cap-view-default) .elementor-drop-cap{margin-top:8px}.elementor-widget-text-editor:not(.elementor-drop-cap-view-default) .elementor-drop-cap-letter{width:1em;height:1em}.elementor-widget-text-editor .elementor-drop-cap{float:left;text-align:center;line-height:1;font-size:50px}.elementor-widget-text-editor .elementor-drop-cap-letter{display:inline-block}<\/style>\t\t\t\t<p class=\"p1\"><strong>\u00bfQuieres recibir m\u00e1s informaci\u00f3n acerca de este proyecto?<\/strong><\/p><p class=\"p1\">Cont\u00e1ctanos o d\u00e9janos tus datos para asesorarte y brindarte toda la informaci\u00f3n sobre este espectacular proyecto.<\/p>\t\t\t\t\t\t<\/div>\n\t\t\t\t<\/div>\n\t\t\t\t<div class=\"elementor-element elementor-element-899d8bf elementor-align-center elementor-widget elementor-widget-button\" data-id=\"899d8bf\" data-element_type=\"widget\" data-widget_type=\"button.default\">\n\t\t\t\t<div class=\"elementor-widget-container\">\n\t\t\t\t\t<div class=\"elementor-button-wrapper\">\n\t\t\t<a class=\"elementor-button elementor-button-link elementor-size-sm\" href=\"https:\/\/itaro.com.co\/index.php\/contactacto\/\">\n\t\t\t\t\t\t<span class=\"elementor-button-content-wrapper\">\n\t\t\t\t\t\t<span class=\"elementor-button-text\">Cont\u00e1ctanos<\/span>\n\t\t<\/span>\n\t\t\t\t\t<\/a>\n\t\t<\/div>\n\t\t\t\t<\/div>\n\t\t\t\t<\/div>\n\t\t\t\t\t<\/div>\n\t\t<\/div>\n\t\t\t\t<div class=\"elementor-column elementor-col-50 elementor-top-column elementor-element elementor-element-35f6111\" data-id=\"35f6111\" data-element_type=\"column\">\n\t\t\t<div class=\"elementor-widget-wrap elementor-element-populated\">\n\t\t\t\t\t\t\t\t<div class=\"elementor-element elementor-element-c3cea71 elementor-widget elementor-widget-forester-contact-info\" data-id=\"c3cea71\" data-element_type=\"widget\" data-widget_type=\"forester-contact-info.default\">\n\t\t\t\t<div class=\"elementor-widget-container\">\n\t\t\t<div class=\"info-contact pb50 text-center m-auto\"><div class=\"number black pb10\"><div class=\"heading-title\">LL\u00c1MANOS<\/div><h2 class=\"phone\"><i class=\"ti-mobile phone pr15\"><\/i>+57 314 252 3132 <\/h2><\/div><h6 class=\"detail\"><i class=\"fa fa-envelope-o pr5\"><\/i> info@itaro.com.co<\/h6><h6 class=\"detail\"><i class=\"fa fa-home pr5\"><\/i> Carrera 14 No. 23-15 Of. 1002 Armenia - Quind\u00edo<\/h6><\/div>\t\t<\/div>\n\t\t\t\t<\/div>\n\t\t\t\t\t<\/div>\n\t\t<\/div>\n\t\t\t\t\t\t\t<\/div>\n\t\t<\/section>\n\t\t\t\t<section class=\"elementor-section elementor-top-section elementor-element elementor-element-96833d5 elementor-section-content-middle elementor-section-boxed elementor-section-height-default elementor-section-height-default\" data-id=\"96833d5\" data-element_type=\"section\" data-settings=\"{&quot;background_background&quot;:&quot;classic&quot;}\">\n\t\t\t\t\t\t<div class=\"elementor-container elementor-column-gap-default\">\n\t\t\t\t\t<div class=\"elementor-column elementor-col-66 elementor-top-column elementor-element elementor-element-0f49be2\" data-id=\"0f49be2\" data-element_type=\"column\">\n\t\t\t<div class=\"elementor-widget-wrap elementor-element-populated\">\n\t\t\t\t\t\t\t\t<div class=\"elementor-element elementor-element-b025a25 elementor-nav-menu--dropdown-tablet elementor-nav-menu__text-align-aside elementor-nav-menu--toggle elementor-nav-menu--burger elementor-widget elementor-widget-nav-menu\" data-id=\"b025a25\" data-element_type=\"widget\" data-settings=\"{&quot;layout&quot;:&quot;horizontal&quot;,&quot;submenu_icon&quot;:{&quot;value&quot;:&quot;&lt;i class=\\&quot;fas fa-caret-down\\&quot;&gt;&lt;\\\/i&gt;&quot;,&quot;library&quot;:&quot;fa-solid&quot;},&quot;toggle&quot;:&quot;burger&quot;}\" data-widget_type=\"nav-menu.default\">\n\t\t\t\t<div class=\"elementor-widget-container\">\n\t\t\t<link rel=\"stylesheet\" href=\"https:\/\/itaro.com.co\/wp-content\/plugins\/elementor-pro\/assets\/css\/widget-nav-menu.min.css\">\t\t\t<nav migration_allowed=\"1\" migrated=\"0\" role=\"navigation\" class=\"elementor-nav-menu--main elementor-nav-menu__container elementor-nav-menu--layout-horizontal e--pointer-underline e--animation-fade\">\n\t\t\t\t<ul id=\"menu-1-b025a25\" class=\"elementor-nav-menu\"><li class=\"menu-item menu-item-type-post_type menu-item-object-page menu-item-home menu-item-2438\"><a href=\"https:\/\/itaro.com.co\/\" class=\"elementor-item\">Inicio<\/a><\/li>\n<li class=\"menu-item menu-item-type-custom menu-item-object-custom menu-item-has-children menu-item-2439\"><a href=\"#\" class=\"elementor-item elementor-item-anchor\">Proyectos<\/a>\n<ul class=\"sub-menu elementor-nav-menu--dropdown\">\n\t<li class=\"menu-item menu-item-type-custom menu-item-object-custom menu-item-has-children menu-item-2747\"><a href=\"#\" class=\"elementor-sub-item elementor-item-anchor\">Proyectos Terminados<\/a>\n\t<ul class=\"sub-menu elementor-nav-menu--dropdown\">\n\t\t<li class=\"menu-item menu-item-type-post_type menu-item-object-page menu-item-2689\"><a href=\"https:\/\/itaro.com.co\/index.php\/casa-reserva\/\" class=\"elementor-sub-item\">Casa Reserva<\/a><\/li>\n\t<\/ul>\n<\/li>\n\t<li class=\"menu-item menu-item-type-custom menu-item-object-custom menu-item-has-children menu-item-2748\"><a href=\"#\" class=\"elementor-sub-item elementor-item-anchor\">Proyectos en Venta<\/a>\n\t<ul class=\"sub-menu elementor-nav-menu--dropdown\">\n\t\t<li class=\"menu-item menu-item-type-post_type menu-item-object-page menu-item-2613\"><a href=\"https:\/\/itaro.com.co\/index.php\/apartamentos-tokio\/\" class=\"elementor-sub-item\">Apartamentos Tokio<\/a><\/li>\n\t\t<li class=\"menu-item menu-item-type-post_type menu-item-object-page menu-item-2656\"><a href=\"https:\/\/itaro.com.co\/index.php\/casa-jamaica\/\" class=\"elementor-sub-item\">Casa Jamaica<\/a><\/li>\n\t\t<li class=\"menu-item menu-item-type-post_type menu-item-object-page menu-item-2730\"><a href=\"https:\/\/itaro.com.co\/index.php\/casa-tesoro\/\" class=\"elementor-sub-item\">Casa Tesoro<\/a><\/li>\n\t<\/ul>\n<\/li>\n<\/ul>\n<\/li>\n<li class=\"menu-item menu-item-type-post_type menu-item-object-page menu-item-2493\"><a href=\"https:\/\/itaro.com.co\/index.php\/nosotros\/\" class=\"elementor-item\">Nosotros<\/a><\/li>\n<li class=\"menu-item menu-item-type-post_type menu-item-object-page menu-item-2936\"><a href=\"https:\/\/itaro.com.co\/index.php\/blog\/\" class=\"elementor-item\">Blog<\/a><\/li>\n<li class=\"menu-item menu-item-type-post_type menu-item-object-page menu-item-2437\"><a href=\"https:\/\/itaro.com.co\/index.php\/contactacto\/\" class=\"elementor-item\">Cont\u00e1ctanos<\/a><\/li>\n<\/ul>\t\t\t<\/nav>\n\t\t\t\t\t<div class=\"elementor-menu-toggle\" role=\"button\" tabindex=\"0\" aria-label=\"Menu Toggle\" aria-expanded=\"false\">\n\t\t\t<i aria-hidden=\"true\" role=\"presentation\" class=\"elementor-menu-toggle__icon--open eicon-menu-bar\"><\/i><i aria-hidden=\"true\" role=\"presentation\" class=\"elementor-menu-toggle__icon--close eicon-close\"><\/i>\t\t\t<span class=\"elementor-screen-only\">Menu<\/span>\n\t\t<\/div>\n\t\t\t<nav class=\"elementor-nav-menu--dropdown elementor-nav-menu__container\" role=\"navigation\" aria-hidden=\"true\">\n\t\t\t\t<ul id=\"menu-2-b025a25\" class=\"elementor-nav-menu\"><li class=\"menu-item menu-item-type-post_type menu-item-object-page menu-item-home menu-item-2438\"><a href=\"https:\/\/itaro.com.co\/\" class=\"elementor-item\" tabindex=\"-1\">Inicio<\/a><\/li>\n<li class=\"menu-item menu-item-type-custom menu-item-object-custom menu-item-has-children menu-item-2439\"><a href=\"#\" class=\"elementor-item elementor-item-anchor\" tabindex=\"-1\">Proyectos<\/a>\n<ul class=\"sub-menu elementor-nav-menu--dropdown\">\n\t<li class=\"menu-item menu-item-type-custom menu-item-object-custom menu-item-has-children menu-item-2747\"><a href=\"#\" class=\"elementor-sub-item elementor-item-anchor\" tabindex=\"-1\">Proyectos Terminados<\/a>\n\t<ul class=\"sub-menu elementor-nav-menu--dropdown\">\n\t\t<li class=\"menu-item menu-item-type-post_type menu-item-object-page menu-item-2689\"><a href=\"https:\/\/itaro.com.co\/index.php\/casa-reserva\/\" class=\"elementor-sub-item\" tabindex=\"-1\">Casa Reserva<\/a><\/li>\n\t<\/ul>\n<\/li>\n\t<li class=\"menu-item menu-item-type-custom menu-item-object-custom menu-item-has-children menu-item-2748\"><a href=\"#\" class=\"elementor-sub-item elementor-item-anchor\" tabindex=\"-1\">Proyectos en Venta<\/a>\n\t<ul class=\"sub-menu elementor-nav-menu--dropdown\">\n\t\t<li class=\"menu-item menu-item-type-post_type menu-item-object-page menu-item-2613\"><a href=\"https:\/\/itaro.com.co\/index.php\/apartamentos-tokio\/\" class=\"elementor-sub-item\" tabindex=\"-1\">Apartamentos Tokio<\/a><\/li>\n\t\t<li class=\"menu-item menu-item-type-post_type menu-item-object-page menu-item-2656\"><a href=\"https:\/\/itaro.com.co\/index.php\/casa-jamaica\/\" class=\"elementor-sub-item\" tabindex=\"-1\">Casa Jamaica<\/a><\/li>\n\t\t<li class=\"menu-item menu-item-type-post_type menu-item-object-page menu-item-2730\"><a href=\"https:\/\/itaro.com.co\/index.php\/casa-tesoro\/\" class=\"elementor-sub-item\" tabindex=\"-1\">Casa Tesoro<\/a><\/li>\n\t<\/ul>\n<\/li>\n<\/ul>\n<\/li>\n<li class=\"menu-item menu-item-type-post_type menu-item-object-page menu-item-2493\"><a href=\"https:\/\/itaro.com.co\/index.php\/nosotros\/\" class=\"elementor-item\" tabindex=\"-1\">Nosotros<\/a><\/li>\n<li class=\"menu-item menu-item-type-post_type menu-item-object-page menu-item-2936\"><a href=\"https:\/\/itaro.com.co\/index.php\/blog\/\" class=\"elementor-item\" tabindex=\"-1\">Blog<\/a><\/li>\n<li class=\"menu-item menu-item-type-post_type menu-item-object-page menu-item-2437\"><a href=\"https:\/\/itaro.com.co\/index.php\/contactacto\/\" class=\"elementor-item\" tabindex=\"-1\">Cont\u00e1ctanos<\/a><\/li>\n<\/ul>\t\t\t<\/nav>\n\t\t\t\t<\/div>\n\t\t\t\t<\/div>\n\t\t\t\t<section class=\"elementor-section elementor-inner-section elementor-element elementor-element-adeb362 elementor-section-content-middle elementor-section-boxed elementor-section-height-default elementor-section-height-default\" data-id=\"adeb362\" data-element_type=\"section\">\n\t\t\t\t\t\t<div class=\"elementor-container elementor-column-gap-default\">\n\t\t\t\t\t<div class=\"elementor-column elementor-col-33 elementor-inner-column elementor-element elementor-element-7de88ac\" data-id=\"7de88ac\" data-element_type=\"column\">\n\t\t\t<div class=\"elementor-widget-wrap elementor-element-populated\">\n\t\t\t\t\t\t\t\t<div class=\"elementor-element elementor-element-a07fdee elementor-widget elementor-widget-heading\" data-id=\"a07fdee\" data-element_type=\"widget\" data-widget_type=\"heading.default\">\n\t\t\t\t<div class=\"elementor-widget-container\">\n\t\t\t<style>\/*! elementor - v3.14.0 - 26-06-2023 *\/\n.elementor-heading-title{padding:0;margin:0;line-height:1}.elementor-widget-heading .elementor-heading-title[class*=elementor-size-]>a{color:inherit;font-size:inherit;line-height:inherit}.elementor-widget-heading .elementor-heading-title.elementor-size-small{font-size:15px}.elementor-widget-heading .elementor-heading-title.elementor-size-medium{font-size:19px}.elementor-widget-heading .elementor-heading-title.elementor-size-large{font-size:29px}.elementor-widget-heading .elementor-heading-title.elementor-size-xl{font-size:39px}.elementor-widget-heading .elementor-heading-title.elementor-size-xxl{font-size:59px}<\/style><div class=\"elementor-heading-title elementor-size-default\"><i class=\"fa fa-phone pr5\"><\/i> +57 314 2523132<\/div>\t\t<\/div>\n\t\t\t\t<\/div>\n\t\t\t\t\t<\/div>\n\t\t<\/div>\n\t\t\t\t<div class=\"elementor-column elementor-col-33 elementor-inner-column elementor-element elementor-element-04172bb\" data-id=\"04172bb\" data-element_type=\"column\">\n\t\t\t<div class=\"elementor-widget-wrap elementor-element-populated\">\n\t\t\t\t\t\t\t\t<div class=\"elementor-element elementor-element-cc4840d elementor-widget elementor-widget-heading\" data-id=\"cc4840d\" data-element_type=\"widget\" data-widget_type=\"heading.default\">\n\t\t\t\t<div class=\"elementor-widget-container\">\n\t\t\t<div class=\"elementor-heading-title elementor-size-default\"><i class=\"fa fa-envelope-o pr5\"><\/i> info@itaro.com.co<\/div>\t\t<\/div>\n\t\t\t\t<\/div>\n\t\t\t\t\t<\/div>\n\t\t<\/div>\n\t\t\t\t<div class=\"elementor-column elementor-col-33 elementor-inner-column elementor-element elementor-element-e355ee5\" data-id=\"e355ee5\" data-element_type=\"column\">\n\t\t\t<div class=\"elementor-widget-wrap elementor-element-populated\">\n\t\t\t\t\t\t\t\t<div class=\"elementor-element elementor-element-1678ce7 elementor-widget elementor-widget-heading\" data-id=\"1678ce7\" data-element_type=\"widget\" data-widget_type=\"heading.default\">\n\t\t\t\t<div class=\"elementor-widget-container\">\n\t\t\t<div class=\"elementor-heading-title elementor-size-default\"><i class=\"fa fa-home pr5\"><\/i> Carrera 14 No. 23-15 Of. 1002  Armenia - Quind\u00edo - Colombia<\/div>\t\t<\/div>\n\t\t\t\t<\/div>\n\t\t\t\t\t<\/div>\n\t\t<\/div>\n\t\t\t\t\t\t\t<\/div>\n\t\t<\/section>\n\t\t\t\t\t<\/div>\n\t\t<\/div>\n\t\t\t\t<div class=\"elementor-column elementor-col-33 elementor-top-column elementor-element elementor-element-81d438e\" data-id=\"81d438e\" data-element_type=\"column\">\n\t\t\t<div class=\"elementor-widget-wrap elementor-element-populated\">\n\t\t\t\t\t\t\t\t<div class=\"elementor-element elementor-element-838cf42 elementor-widget elementor-widget-image\" data-id=\"838cf42\" data-element_type=\"widget\" data-widget_type=\"image.default\">\n\t\t\t\t<div class=\"elementor-widget-container\">\n\t\t\t<style>\/*! elementor - v3.14.0 - 26-06-2023 *\/\n.elementor-widget-image{text-align:center}.elementor-widget-image a{display:inline-block}.elementor-widget-image a img[src$=\".svg\"]{width:48px}.elementor-widget-image img{vertical-align:middle;display:inline-block}<\/style>\t\t\t\t\t\t\t\t\t\t\t\t\t<a href=\"https:\/\/ninetheme.com\/themes\/elementor\/forester\/\">\n\t\t\t\t\t\t\t<img decoding=\"async\" width=\"105\" height=\"138\" src=\"https:\/\/itaro.com.co\/wp-content\/uploads\/2023\/04\/LOGO-itaro-home-footer.png\" class=\"attachment-thumbnail size-thumbnail wp-image-2540\" alt=\"\" loading=\"lazy\" \/>\t\t\t\t\t\t\t\t<\/a>\n\t\t\t\t\t\t\t\t\t\t\t\t\t\t\t<\/div>\n\t\t\t\t<\/div>\n\t\t\t\t<div class=\"elementor-element elementor-element-8d104b1 elementor-widget elementor-widget-heading\" data-id=\"8d104b1\" data-element_type=\"widget\" data-widget_type=\"heading.default\">\n\t\t\t\t<div class=\"elementor-widget-container\">\n\t\t\t<p class=\"elementor-heading-title elementor-size-default\">Todos los derechos reservados<br>2023<\/p>\t\t<\/div>\n\t\t\t\t<\/div>\n\t\t\t\t\t<\/div>\n\t\t<\/div>\n\t\t\t\t\t\t\t<\/div>\n\t\t<\/section>\n\t\t\t\t\t\t\t<\/div>\n\t\t","protected":false},"excerpt":{"rendered":"<p>Blog Itaro Arquitectura &gt; Blog-22 01 5 Consejos para tener una chimenea en tu hogar. Posteado el 11 de abril de 2023 La funci\u00f3n de una chimenea es evacuar los humos y gases sin peligro fuera de la casa y proporcionar tiro suficiente en el hogar para que el fuego se mantenga&hellip; VER POST \u00bb [&hellip;]<\/p>\n","protected":false},"author":1,"featured_media":0,"parent":0,"menu_order":0,"comment_status":"closed","ping_status":"closed","template":"forester-elementor-page.php","meta":{"_joinchat":[]},"_links":{"self":[{"href":"https:\/\/itaro.com.co\/index.php\/wp-json\/wp\/v2\/pages\/2927"}],"collection":[{"href":"https:\/\/itaro.com.co\/index.php\/wp-json\/wp\/v2\/pages"}],"about":[{"href":"https:\/\/itaro.com.co\/index.php\/wp-json\/wp\/v2\/types\/page"}],"author":[{"embeddable":true,"href":"https:\/\/itaro.com.co\/index.php\/wp-json\/wp\/v2\/users\/1"}],"replies":[{"embeddable":true,"href":"https:\/\/itaro.com.co\/index.php\/wp-json\/wp\/v2\/comments?post=2927"}],"version-history":[{"count":14,"href":"https:\/\/itaro.com.co\/index.php\/wp-json\/wp\/v2\/pages\/2927\/revisions"}],"predecessor-version":[{"id":3062,"href":"https:\/\/itaro.com.co\/index.php\/wp-json\/wp\/v2\/pages\/2927\/revisions\/3062"}],"wp:attachment":[{"href":"https:\/\/itaro.com.co\/index.php\/wp-json\/wp\/v2\/media?parent=2927"}],"curies":[{"name":"wp","href":"https:\/\/api.w.org\/{rel}","templated":true}]}}